{"id":2848,"date":"2025-07-15T16:44:31","date_gmt":"2025-07-15T20:44:31","guid":{"rendered":"https:\/\/royalirishtdev.wpenginepowered.com\/ireland\/?page_id=2848"},"modified":"2026-02-12T10:37:46","modified_gmt":"2026-02-12T15:37:46","slug":"why-ireland","status":"publish","type":"page","link":"https:\/\/ritvacations.com\/ireland\/why-ireland\/","title":{"rendered":"Why Ireland?"},"content":{"rendered":"\n\t\t<section id=\"content-block_bbe97061cbb5189089f9a033097b78d0\" class=\"orange-block content-block has-no-bg-color align-center narrow-column\">\n\t\n\t\t\t\n\t\t\t<h2 class=\"screen-reader-text\">Content<\/h2>\n\t\t\t\t\t\n\t\t<div class=\"container\" data-aos=\"\">\n\t\t\t<div class=\"row\">\n\t\t\t\t<div class=\"col content-column\">\n\n\t\t\t\t\t\t\t\t\t\t\t\t<div class=\"content-container\">\n\t\t\t\t\t\t\t\t<h4>A land of legend, beauty, and a thousand welcomes.<\/h4>\n<p>Rolling green hills. Rugged coastlines. Ancient ruins and vibrant cities. Ireland blends history, culture, and natural beauty in a way few places can. Whether it\u2019s your first trip or a return journey, Ireland always feels like coming home.<\/p>\n\t\t\t\t\t\t\t<\/div>\n\t\t\t\t\t\t\t\n\t\t\t\t<\/div>\n\t\t\t<\/div>\n\t\t<\/div>\n\n\t\t\n\t\t\t\n\t\t<\/section>\n\n\t\t\n\n\n\t\t<section id=\"hover-columns-block_3e81179b6ed695460d870519f57bc6ca\" class=\"orange-block hover-columns-block has-no-bg-color column-count-6 columns-per-row-3\">\n\t\n\t\t\t\n\t\t\t<h2 class=\"screen-reader-text\">Hover Columns<\/h2>\n\t\t\t\n\t\t<div class=\"container-fluid\"\n\t\t\tdata-aos=\"\">\n\t\t\t<ul class=\"row hover-columns-row\">\n\n\t\t\t\n\t\t\t\t<!-- Single column - resembles the Card template part, with restricted functionality. -->\n\t\t\t\t<li class=\"col-12 col-md-6 col-lg-4 hover-column\">\n\t\t\t\t\t<div class=\"card hover-column-card display-block\">\n\n\t\t\t\t\t\t\n\t\t\t\t\t\t<span class=\"display-block card-body\">\n\n\t\t\t\t\t\t\t\t\t\t\t\t\t\t\t\t<span class=\"card-image-wrapper display-block\">\n\t\t\t\t\t\t\t\t\t\t<span class=\"card-image display-block\" style=\"background-image: url('https:\/\/ritvacations.com\/ireland\/wp-content\/uploads\/sites\/2\/2025\/10\/macgillycuddys-reeks.jpg')\"><\/span>\n\t\t\t\t\t\t\t\t\t<\/span>\n\t\t\t\t\t\t\t\t\n\t\t\t\t\t\t\t<span class=\"card-content-background display-block\">\n\t\t\t\t\t\t\t\t<span class=\"card-content-wrapper display-block\">\n\t\t\t\t\t\t\t\t\t\t\t\t\t\t\t\t\t\t\t\t<span class=\"card-title display-block\">\n\t\t\t\t\t\t\t\t\t\t\t\tBreathtaking Landscapes\t\t\t\t\t\t\t\t\t\t\t<\/span>\n\t\t\t\t\t\t\t\t\t\t\t\t\t\t\t\t\t\t\t\t\t<span class=\"card-content display-block\">\n\t\t\t\t\t\t\t\t\t\t\t\t<p>From coastal cliffs to lush countryside\u2014pure visual magic.<\/p>\n\t\t\t\t\t\t\t\t\t\t\t<\/span>\n\t\t\t\t\t\t\t\t\t\t\n\t\t\t\t\t\t\t\t<\/span>\n\t\t\t\t\t\t\t<\/span>\n\t\t\t\t\t\t<\/span>\n\n\t\t\t\t\t\t\n\t\t\t\t\t<\/div>\n\t\t\t\t<\/li>\n\n\t\t\t\t\n\t\t\t\t<!-- Single column - resembles the Card template part, with restricted functionality. -->\n\t\t\t\t<li class=\"col-12 col-md-6 col-lg-4 hover-column\">\n\t\t\t\t\t<div class=\"card hover-column-card display-block\">\n\n\t\t\t\t\t\t\n\t\t\t\t\t\t<span class=\"display-block card-body\">\n\n\t\t\t\t\t\t\t\t\t\t\t\t\t\t\t\t<span class=\"card-image-wrapper display-block\">\n\t\t\t\t\t\t\t\t\t\t<span class=\"card-image display-block\" style=\"background-image: url('https:\/\/ritvacations.com\/ireland\/wp-content\/uploads\/sites\/2\/2025\/07\/Signtseeing-Tours_web-1024x683.jpg')\"><\/span>\n\t\t\t\t\t\t\t\t\t<\/span>\n\t\t\t\t\t\t\t\t\n\t\t\t\t\t\t\t<span class=\"card-content-background display-block\">\n\t\t\t\t\t\t\t\t<span class=\"card-content-wrapper display-block\">\n\t\t\t\t\t\t\t\t\t\t\t\t\t\t\t\t\t\t\t\t<span class=\"card-title display-block\">\n\t\t\t\t\t\t\t\t\t\t\t\tRich Cultural Heritage\t\t\t\t\t\t\t\t\t\t\t<\/span>\n\t\t\t\t\t\t\t\t\t\t\t\t\t\t\t\t\t\t\t\t\t<span class=\"card-content display-block\">\n\t\t\t\t\t\t\t\t\t\t\t\t<p>Music, myths, and millennia of history in every corner.<\/p>\n\t\t\t\t\t\t\t\t\t\t\t<\/span>\n\t\t\t\t\t\t\t\t\t\t\n\t\t\t\t\t\t\t\t<\/span>\n\t\t\t\t\t\t\t<\/span>\n\t\t\t\t\t\t<\/span>\n\n\t\t\t\t\t\t\n\t\t\t\t\t<\/div>\n\t\t\t\t<\/li>\n\n\t\t\t\t\n\t\t\t\t<!-- Single column - resembles the Card template part, with restricted functionality. -->\n\t\t\t\t<li class=\"col-12 col-md-6 col-lg-4 hover-column\">\n\t\t\t\t\t<div class=\"card hover-column-card display-block\">\n\n\t\t\t\t\t\t\n\t\t\t\t\t\t<span class=\"display-block card-body\">\n\n\t\t\t\t\t\t\t\t\t\t\t\t\t\t\t\t<span class=\"card-image-wrapper display-block\">\n\t\t\t\t\t\t\t\t\t\t<span class=\"card-image display-block\" style=\"background-image: url('https:\/\/ritvacations.com\/ireland\/wp-content\/uploads\/sites\/2\/2026\/01\/Dingle-1024x576.webp')\"><\/span>\n\t\t\t\t\t\t\t\t\t<\/span>\n\t\t\t\t\t\t\t\t\n\t\t\t\t\t\t\t<span class=\"card-content-background display-block\">\n\t\t\t\t\t\t\t\t<span class=\"card-content-wrapper display-block\">\n\t\t\t\t\t\t\t\t\t\t\t\t\t\t\t\t\t\t\t\t<span class=\"card-title display-block\">\n\t\t\t\t\t\t\t\t\t\t\t\tCharming Towns &amp; Villages\t\t\t\t\t\t\t\t\t\t\t<\/span>\n\t\t\t\t\t\t\t\t\t\t\t\t\t\t\t\t\t\t\t\t\t<span class=\"card-content display-block\">\n\t\t\t\t\t\t\t\t\t\t\t\t<p>Explore cozy streets, local shops, and hidden gems.<\/p>\n\t\t\t\t\t\t\t\t\t\t\t<\/span>\n\t\t\t\t\t\t\t\t\t\t\n\t\t\t\t\t\t\t\t<\/span>\n\t\t\t\t\t\t\t<\/span>\n\t\t\t\t\t\t<\/span>\n\n\t\t\t\t\t\t\n\t\t\t\t\t<\/div>\n\t\t\t\t<\/li>\n\n\t\t\t\t\n\t\t\t\t<!-- Single column - resembles the Card template part, with restricted functionality. -->\n\t\t\t\t<li class=\"col-12 col-md-6 col-lg-4 hover-column\">\n\t\t\t\t\t<div class=\"card hover-column-card display-block\">\n\n\t\t\t\t\t\t\n\t\t\t\t\t\t<span class=\"display-block card-body\">\n\n\t\t\t\t\t\t\t\t\t\t\t\t\t\t\t\t<span class=\"card-image-wrapper display-block\">\n\t\t\t\t\t\t\t\t\t\t<span class=\"card-image display-block\" style=\"background-image: url('https:\/\/ritvacations.com\/ireland\/wp-content\/uploads\/sites\/2\/2025\/06\/WEB_Page-48-Bottom-right-1024x683.jpg')\"><\/span>\n\t\t\t\t\t\t\t\t\t<\/span>\n\t\t\t\t\t\t\t\t\n\t\t\t\t\t\t\t<span class=\"card-content-background display-block\">\n\t\t\t\t\t\t\t\t<span class=\"card-content-wrapper display-block\">\n\t\t\t\t\t\t\t\t\t\t\t\t\t\t\t\t\t\t\t\t<span class=\"card-title display-block\">\n\t\t\t\t\t\t\t\t\t\t\t\tWarm Irish Hospitality\t\t\t\t\t\t\t\t\t\t\t<\/span>\n\t\t\t\t\t\t\t\t\t\t\t\t\t\t\t\t\t\t\t\t\t<span class=\"card-content display-block\">\n\t\t\t\t\t\t\t\t\t\t\t\t<p>Experience the true meaning of \u201cc\u00e9ad m\u00edle f\u00e1ilte.\u201d<\/p>\n\t\t\t\t\t\t\t\t\t\t\t<\/span>\n\t\t\t\t\t\t\t\t\t\t\n\t\t\t\t\t\t\t\t<\/span>\n\t\t\t\t\t\t\t<\/span>\n\t\t\t\t\t\t<\/span>\n\n\t\t\t\t\t\t\n\t\t\t\t\t<\/div>\n\t\t\t\t<\/li>\n\n\t\t\t\t\n\t\t\t\t<!-- Single column - resembles the Card template part, with restricted functionality. -->\n\t\t\t\t<li class=\"col-12 col-md-6 col-lg-4 hover-column\">\n\t\t\t\t\t<div class=\"card hover-column-card display-block\">\n\n\t\t\t\t\t\t\n\t\t\t\t\t\t<span class=\"display-block card-body\">\n\n\t\t\t\t\t\t\t\t\t\t\t\t\t\t\t\t<span class=\"card-image-wrapper display-block\">\n\t\t\t\t\t\t\t\t\t\t<span class=\"card-image display-block\" style=\"background-image: url('https:\/\/ritvacations.com\/ireland\/wp-content\/uploads\/sites\/2\/2026\/01\/Blarney-Castle-County-Cork-Ireland-1024x683.webp')\"><\/span>\n\t\t\t\t\t\t\t\t\t<\/span>\n\t\t\t\t\t\t\t\t\n\t\t\t\t\t\t\t<span class=\"card-content-background display-block\">\n\t\t\t\t\t\t\t\t<span class=\"card-content-wrapper display-block\">\n\t\t\t\t\t\t\t\t\t\t\t\t\t\t\t\t\t\t\t\t<span class=\"card-title display-block\">\n\t\t\t\t\t\t\t\t\t\t\t\tHistoric Castles &amp; Ruins\t\t\t\t\t\t\t\t\t\t\t<\/span>\n\t\t\t\t\t\t\t\t\t\t\t\t\t\t\t\t\t\t\t\t\t<span class=\"card-content display-block\">\n\t\t\t\t\t\t\t\t\t\t\t\t<p>Step into Ireland\u2019s storied past through ancient walls.<\/p>\n\t\t\t\t\t\t\t\t\t\t\t<\/span>\n\t\t\t\t\t\t\t\t\t\t\n\t\t\t\t\t\t\t\t<\/span>\n\t\t\t\t\t\t\t<\/span>\n\t\t\t\t\t\t<\/span>\n\n\t\t\t\t\t\t\n\t\t\t\t\t<\/div>\n\t\t\t\t<\/li>\n\n\t\t\t\t\n\t\t\t\t<!-- Single column - resembles the Card template part, with restricted functionality. -->\n\t\t\t\t<li class=\"col-12 col-md-6 col-lg-4 hover-column\">\n\t\t\t\t\t<div class=\"card hover-column-card display-block\">\n\n\t\t\t\t\t\t\n\t\t\t\t\t\t<span class=\"display-block card-body\">\n\n\t\t\t\t\t\t\t\t\t\t\t\t\t\t\t\t<span class=\"card-image-wrapper display-block\">\n\t\t\t\t\t\t\t\t\t\t<span class=\"card-image display-block\" style=\"background-image: url('https:\/\/ritvacations.com\/ireland\/wp-content\/uploads\/sites\/2\/2025\/08\/Marine-Bar-RIT-1.jpg')\"><\/span>\n\t\t\t\t\t\t\t\t\t<\/span>\n\t\t\t\t\t\t\t\t\n\t\t\t\t\t\t\t<span class=\"card-content-background display-block\">\n\t\t\t\t\t\t\t\t<span class=\"card-content-wrapper display-block\">\n\t\t\t\t\t\t\t\t\t\t\t\t\t\t\t\t\t\t\t\t<span class=\"card-title display-block\">\n\t\t\t\t\t\t\t\t\t\t\t\tTraditional Music &amp; Dance\t\t\t\t\t\t\t\t\t\t\t<\/span>\n\t\t\t\t\t\t\t\t\t\t\t\t\t\t\t\t\t\t\t\t\t<span class=\"card-content display-block\">\n\t\t\t\t\t\t\t\t\t\t\t\t<p>Lively sessions and fun in every pub.<\/p>\n\t\t\t\t\t\t\t\t\t\t\t<\/span>\n\t\t\t\t\t\t\t\t\t\t\n\t\t\t\t\t\t\t\t<\/span>\n\t\t\t\t\t\t\t<\/span>\n\t\t\t\t\t\t<\/span>\n\n\t\t\t\t\t\t\n\t\t\t\t\t<\/div>\n\t\t\t\t<\/li>\n\n\t\t\t\t\n\t\t\t<\/ul>\n\t\t<\/div>\n\n\t\t\n\t\t\t\n\t\t<\/section>\n\n\t\t\n\n\n\t\t<section id=\"rit-image-text-block_5ff5b89591bbddea3986e928505f6c1a\" class=\"orange-block rit-image-text-block has-no-bg-color\">\n\t\n\t\t\t\n\t\t\t<h2 class=\"screen-reader-text\">RIT Image Text<\/h2>\n\t\t\t\n\t\t<div class=\"container image-text-block-container\"\n\t\t\tdata-aos=\"\">\n\n\t\t\t\n\t\t\t\t<div class=\"row image-text-row image-right\">\n\n\t\t\t\t\t<!-- Image -->\n\t\t\t\t\t<div class=\"col-12 col-lg-6 image-col\">\n\t\t\t\t\t\t<div class=\"image-container\">\n\t\t\t\t\t\t\t<div class=\"image\" style=\"background-image: url('https:\/\/ritvacations.com\/ireland\/wp-content\/uploads\/sites\/2\/2025\/06\/Knappogue-RIT.jpg');\"><\/div>\n\t\t\t\t\t\t\t\n\t\t\t\t\t\t<\/div>\n\t\t\t\t\t<\/div>\n\n\t\t\t\t\t<!-- Content -->\n\t\t\t\t\t<div class=\"col-12 col-lg-6 content-col\">\n\t\t\t\t\t\t<div class=\"content-container\">\n\n\t\t\t\t\t\t\t\n\t\t\t\t\t\t\t<h2>Culture<\/h2>\n<h5>A Story Around Every Corner<\/h5>\n<p>Ireland\u2019s culture is built on storytelling\u2014from ancient Celtic myths to modern literature, every stone and street has a tale to tell.<\/p>\n\n\t\t\t\t\t\t\t\t\t\t\t\t\t\t\t<div class=\"content-links\">\n\t\t\t\t\t\t\t\t\t\t\t\t\t\t\t\t\t<\/div>\n\n\t\t\t\t\t\t\t\t\n\t\t\t\t\t\t<\/div>\n\t\t\t\t\t<\/div>\n\t\t\t\t<\/div>\n\n\t\t\t\t\n\t\t\t\t<div class=\"row image-text-row image-left\">\n\n\t\t\t\t\t<!-- Image -->\n\t\t\t\t\t<div class=\"col-12 col-lg-6 image-col\">\n\t\t\t\t\t\t<div class=\"image-container\">\n\t\t\t\t\t\t\t<div class=\"image\" style=\"background-image: url('https:\/\/ritvacations.com\/ireland\/wp-content\/uploads\/sites\/2\/2025\/10\/Adobe-Express-file-10-scaled.jpg');\"><\/div>\n\t\t\t\t\t\t\t\n\t\t\t\t\t\t<\/div>\n\t\t\t\t\t<\/div>\n\n\t\t\t\t\t<!-- Content -->\n\t\t\t\t\t<div class=\"col-12 col-lg-6 content-col\">\n\t\t\t\t\t\t<div class=\"content-container\">\n\n\t\t\t\t\t\t\t\n\t\t\t\t\t\t\t<h2>People<\/h2>\n<h5>The Warmest Welcome<\/h5>\n<p>Locals take pride in sharing their heritage. Expect good craic (fun and banter) wherever you go.<\/p>\n\n\t\t\t\t\t\t\t\t\t\t\t\t\t\t\t<div class=\"content-links\">\n\t\t\t\t\t\t\t\t\t\t\t\t\t\t\t\t\t<\/div>\n\n\t\t\t\t\t\t\t\t\n\t\t\t\t\t\t<\/div>\n\t\t\t\t\t<\/div>\n\t\t\t\t<\/div>\n\n\t\t\t\t\n\t\t\t\t<div class=\"row image-text-row image-right\">\n\n\t\t\t\t\t<!-- Image -->\n\t\t\t\t\t<div class=\"col-12 col-lg-6 image-col\">\n\t\t\t\t\t\t<div class=\"image-container\">\n\t\t\t\t\t\t\t<div class=\"image\" style=\"background-image: url('https:\/\/ritvacations.com\/ireland\/wp-content\/uploads\/sites\/2\/2025\/10\/Adobe-Express-file-9-scaled.jpg');\"><\/div>\n\t\t\t\t\t\t\t\n\t\t\t\t\t\t<\/div>\n\t\t\t\t\t<\/div>\n\n\t\t\t\t\t<!-- Content -->\n\t\t\t\t\t<div class=\"col-12 col-lg-6 content-col\">\n\t\t\t\t\t\t<div class=\"content-container\">\n\n\t\t\t\t\t\t\t\n\t\t\t\t\t\t\t<h2>Food<\/h2>\n<h5>A Modern Culinary Twist<\/h5>\n<p>Ireland\u2019s food scene is thriving, with award-winning chefs blending global flavors with Irish ingredients for a truly unforgettable dining experience.<\/p>\n\n\t\t\t\t\t\t\t\t\t\t\t\t\t\t\t<div class=\"content-links\">\n\t\t\t\t\t\t\t\t\t\t\t\t\t\t\t\t\t<\/div>\n\n\t\t\t\t\t\t\t\t\n\t\t\t\t\t\t<\/div>\n\t\t\t\t\t<\/div>\n\t\t\t\t<\/div>\n\n\t\t\t\t\n\t\t<\/div>\n\n\t\t\n\t\t\t\n\t\t<\/section>\n\n\t\t\n\n\n\t\t<section id=\"content-block_08c2c0894710328be8c9bad3f5de7b4f\" class=\"orange-block content-block has-no-bg-color has-bg-color-image has-bg-image align-center narrow-column\" style=\"background-image: url('https:\/\/ritvacations.com\/ireland\/wp-content\/uploads\/sites\/2\/2025\/06\/WEB_Page-62-Large-image.jpg');\">\n\t\n\t\t\t\n\t\t\t<h2 class=\"screen-reader-text\">Content<\/h2>\n\t\t\t\t\t\n\t\t<div class=\"container\" data-aos=\"\">\n\t\t\t<div class=\"row\">\n\t\t\t\t<div class=\"col content-column\">\n\n\t\t\t\t\t\t\t\t\t\t\t\t<div class=\"content-container\">\n\t\t\t\t\t\t\t\t<p>\u2605\u2605\u2605\u2605\u2605<\/p>\n<h4>Excellent tour, covered all of the highlights of Ireland. The hotel accommodations were 5-star with excellent meals. Our tour guide was well informed and very helpful with special requests.<\/h4>\n<h6>Alastair S<\/h6>\n\t\t\t\t\t\t\t<\/div>\n\t\t\t\t\t\t\t\n\t\t\t\t<\/div>\n\t\t\t<\/div>\n\t\t<\/div>\n\n\t\t\n\t\t\t\n\t\t\t<div class=\"container\"\n\t\t\t\tdata-aos=\"\">\n\t\t\t\t<div class=\"row block-link-row\">\n\t\t\t\t\t<div class=\"col-12\">\n\t\t\t\t\t\t<div class=\"block-button-container\">\n\t\t\t\t\t\t\t<a href=\"#\" class=\"btn btn-link\" aria-label=\"Read More Customer Experiences\">\n\t\t\t\t\t\t\t\tRead More Customer Experiences\t\t\t\t\t\t\t<\/a>\n\t\t\t\t\t\t<\/div>\n\t\t\t\t\t<\/div>\n\t\t\t\t<\/div>\n\t\t\t<\/div>\n\n\t\t\t\n\t\t<\/section>\n\n\t\t","protected":false},"excerpt":{"rendered":"","protected":false},"author":1,"featured_media":2650,"parent":0,"menu_order":26,"comment_status":"closed","ping_status":"closed","template":"","meta":{"_acf_changed":true,"footnotes":""},"class_list":["post-2848","page","type-page","status-publish","has-post-thumbnail","hentry"],"acf":[],"yoast_head":"<!-- This site is optimized with the Yoast SEO plugin v27.0 - https:\/\/yoast.com\/product\/yoast-seo-wordpress\/ -->\n<title>Why Ireland? - Royal Irish Tours<\/title>\n<meta name=\"robots\" content=\"index, follow, max-snippet:-1, max-image-preview:large, max-video-preview:-1\" \/>\n<link rel=\"canonical\" href=\"https:\/\/ritvacations.com\/ireland\/why-ireland\/\" \/>\n<meta property=\"og:locale\" content=\"en_US\" \/>\n<meta property=\"og:type\" content=\"article\" \/>\n<meta property=\"og:title\" content=\"Why Ireland? - Royal Irish Tours\" \/>\n<meta property=\"og:url\" content=\"https:\/\/ritvacations.com\/ireland\/why-ireland\/\" \/>\n<meta property=\"og:site_name\" content=\"Royal Irish Tours\" \/>\n<meta property=\"article:modified_time\" content=\"2026-02-12T15:37:46+00:00\" \/>\n<meta property=\"og:image\" content=\"https:\/\/ritvacations.com\/ireland\/wp-content\/uploads\/sites\/2\/2025\/06\/WEB_Page-14-15-Header_Logo-sized-scaled.jpg\" \/>\n\t<meta property=\"og:image:width\" content=\"2560\" \/>\n\t<meta property=\"og:image:height\" content=\"1920\" \/>\n\t<meta property=\"og:image:type\" content=\"image\/jpeg\" \/>\n<meta name=\"twitter:card\" content=\"summary_large_image\" \/>\n<script type=\"application\/ld+json\" class=\"yoast-schema-graph\">{\"@context\":\"https:\/\/schema.org\",\"@graph\":[{\"@type\":\"WebPage\",\"@id\":\"https:\/\/ritvacations.com\/ireland\/why-ireland\/\",\"url\":\"https:\/\/ritvacations.com\/ireland\/why-ireland\/\",\"name\":\"Why Ireland? - Royal Irish Tours\",\"isPartOf\":{\"@id\":\"https:\/\/ritvacations.com\/ireland\/#website\"},\"primaryImageOfPage\":{\"@id\":\"https:\/\/ritvacations.com\/ireland\/why-ireland\/#primaryimage\"},\"image\":{\"@id\":\"https:\/\/ritvacations.com\/ireland\/why-ireland\/#primaryimage\"},\"thumbnailUrl\":\"https:\/\/ritvacations.com\/ireland\/wp-content\/uploads\/sites\/2\/2025\/06\/WEB_Page-14-15-Header_Logo-sized-scaled.jpg\",\"datePublished\":\"2025-07-15T20:44:31+00:00\",\"dateModified\":\"2026-02-12T15:37:46+00:00\",\"breadcrumb\":{\"@id\":\"https:\/\/ritvacations.com\/ireland\/why-ireland\/#breadcrumb\"},\"inLanguage\":\"en-US\",\"potentialAction\":[{\"@type\":\"ReadAction\",\"target\":[\"https:\/\/ritvacations.com\/ireland\/why-ireland\/\"]}]},{\"@type\":\"ImageObject\",\"inLanguage\":\"en-US\",\"@id\":\"https:\/\/ritvacations.com\/ireland\/why-ireland\/#primaryimage\",\"url\":\"https:\/\/ritvacations.com\/ireland\/wp-content\/uploads\/sites\/2\/2025\/06\/WEB_Page-14-15-Header_Logo-sized-scaled.jpg\",\"contentUrl\":\"https:\/\/ritvacations.com\/ireland\/wp-content\/uploads\/sites\/2\/2025\/06\/WEB_Page-14-15-Header_Logo-sized-scaled.jpg\",\"width\":2560,\"height\":1920},{\"@type\":\"BreadcrumbList\",\"@id\":\"https:\/\/ritvacations.com\/ireland\/why-ireland\/#breadcrumb\",\"itemListElement\":[{\"@type\":\"ListItem\",\"position\":1,\"name\":\"Home\",\"item\":\"https:\/\/ritvacations.com\/ireland\/\"},{\"@type\":\"ListItem\",\"position\":2,\"name\":\"Why Ireland?\"}]},{\"@type\":\"WebSite\",\"@id\":\"https:\/\/ritvacations.com\/ireland\/#website\",\"url\":\"https:\/\/ritvacations.com\/ireland\/\",\"name\":\"Royal Irish Tours\",\"description\":\"RIT - Royal Irish Tours\",\"potentialAction\":[{\"@type\":\"SearchAction\",\"target\":{\"@type\":\"EntryPoint\",\"urlTemplate\":\"https:\/\/ritvacations.com\/ireland\/?s={search_term_string}\"},\"query-input\":{\"@type\":\"PropertyValueSpecification\",\"valueRequired\":true,\"valueName\":\"search_term_string\"}}],\"inLanguage\":\"en-US\"}]}<\/script>\n<!-- \/ Yoast SEO plugin. -->","yoast_head_json":{"title":"Why Ireland? - Royal Irish Tours","robots":{"index":"index","follow":"follow","max-snippet":"max-snippet:-1","max-image-preview":"max-image-preview:large","max-video-preview":"max-video-preview:-1"},"canonical":"https:\/\/ritvacations.com\/ireland\/why-ireland\/","og_locale":"en_US","og_type":"article","og_title":"Why Ireland? - Royal Irish Tours","og_url":"https:\/\/ritvacations.com\/ireland\/why-ireland\/","og_site_name":"Royal Irish Tours","article_modified_time":"2026-02-12T15:37:46+00:00","og_image":[{"width":2560,"height":1920,"url":"https:\/\/ritvacations.com\/ireland\/wp-content\/uploads\/sites\/2\/2025\/06\/WEB_Page-14-15-Header_Logo-sized-scaled.jpg","type":"image\/jpeg"}],"twitter_card":"summary_large_image","schema":{"@context":"https:\/\/schema.org","@graph":[{"@type":"WebPage","@id":"https:\/\/ritvacations.com\/ireland\/why-ireland\/","url":"https:\/\/ritvacations.com\/ireland\/why-ireland\/","name":"Why Ireland? - Royal Irish Tours","isPartOf":{"@id":"https:\/\/ritvacations.com\/ireland\/#website"},"primaryImageOfPage":{"@id":"https:\/\/ritvacations.com\/ireland\/why-ireland\/#primaryimage"},"image":{"@id":"https:\/\/ritvacations.com\/ireland\/why-ireland\/#primaryimage"},"thumbnailUrl":"https:\/\/ritvacations.com\/ireland\/wp-content\/uploads\/sites\/2\/2025\/06\/WEB_Page-14-15-Header_Logo-sized-scaled.jpg","datePublished":"2025-07-15T20:44:31+00:00","dateModified":"2026-02-12T15:37:46+00:00","breadcrumb":{"@id":"https:\/\/ritvacations.com\/ireland\/why-ireland\/#breadcrumb"},"inLanguage":"en-US","potentialAction":[{"@type":"ReadAction","target":["https:\/\/ritvacations.com\/ireland\/why-ireland\/"]}]},{"@type":"ImageObject","inLanguage":"en-US","@id":"https:\/\/ritvacations.com\/ireland\/why-ireland\/#primaryimage","url":"https:\/\/ritvacations.com\/ireland\/wp-content\/uploads\/sites\/2\/2025\/06\/WEB_Page-14-15-Header_Logo-sized-scaled.jpg","contentUrl":"https:\/\/ritvacations.com\/ireland\/wp-content\/uploads\/sites\/2\/2025\/06\/WEB_Page-14-15-Header_Logo-sized-scaled.jpg","width":2560,"height":1920},{"@type":"BreadcrumbList","@id":"https:\/\/ritvacations.com\/ireland\/why-ireland\/#breadcrumb","itemListElement":[{"@type":"ListItem","position":1,"name":"Home","item":"https:\/\/ritvacations.com\/ireland\/"},{"@type":"ListItem","position":2,"name":"Why Ireland?"}]},{"@type":"WebSite","@id":"https:\/\/ritvacations.com\/ireland\/#website","url":"https:\/\/ritvacations.com\/ireland\/","name":"Royal Irish Tours","description":"RIT - Royal Irish Tours","potentialAction":[{"@type":"SearchAction","target":{"@type":"EntryPoint","urlTemplate":"https:\/\/ritvacations.com\/ireland\/?s={search_term_string}"},"query-input":{"@type":"PropertyValueSpecification","valueRequired":true,"valueName":"search_term_string"}}],"inLanguage":"en-US"}]}},"_links":{"self":[{"href":"https:\/\/ritvacations.com\/ireland\/wp-json\/wp\/v2\/pages\/2848","targetHints":{"allow":["GET"]}}],"collection":[{"href":"https:\/\/ritvacations.com\/ireland\/wp-json\/wp\/v2\/pages"}],"about":[{"href":"https:\/\/ritvacations.com\/ireland\/wp-json\/wp\/v2\/types\/page"}],"author":[{"embeddable":true,"href":"https:\/\/ritvacations.com\/ireland\/wp-json\/wp\/v2\/users\/1"}],"replies":[{"embeddable":true,"href":"https:\/\/ritvacations.com\/ireland\/wp-json\/wp\/v2\/comments?post=2848"}],"version-history":[{"count":0,"href":"https:\/\/ritvacations.com\/ireland\/wp-json\/wp\/v2\/pages\/2848\/revisions"}],"wp:featuredmedia":[{"embeddable":true,"href":"https:\/\/ritvacations.com\/ireland\/wp-json\/wp\/v2\/media\/2650"}],"wp:attachment":[{"href":"https:\/\/ritvacations.com\/ireland\/wp-json\/wp\/v2\/media?parent=2848"}],"curies":[{"name":"wp","href":"https:\/\/api.w.org\/{rel}","templated":true}]}}